{"id":8861,"date":"2021-04-13T12:35:09","date_gmt":"2021-04-13T10:35:09","guid":{"rendered":"https:\/\/extrunoga.com\/contact\/"},"modified":"2022-03-29T16:37:00","modified_gmt":"2022-03-29T14:37:00","slug":"contact","status":"publish","type":"page","link":"https:\/\/extrunoga.com\/en\/contact\/","title":{"rendered":"Contact"},"content":{"rendered":"\n<div class=\"wpcf7 no-js\" id=\"wpcf7-f8867-o1\" lang=\"en-US\" dir=\"ltr\">\n<div class=\"screen-reader-response\"><p role=\"status\" aria-live=\"polite\" aria-atomic=\"true\"><\/p> <ul><\/ul><\/div>\n<form action=\"\/en\/wp-json\/wp\/v2\/pages\/8861#wpcf7-f8867-o1\" method=\"post\" class=\"wpcf7-form init\" aria-label=\"Contact form\" novalidate=\"novalidate\" data-status=\"init\">\n<div style=\"display: none;\">\n<input type=\"hidden\" name=\"_wpcf7\" value=\"8867\" \/>\n<input type=\"hidden\" name=\"_wpcf7_version\" value=\"5.7.7\" \/>\n<input type=\"hidden\" name=\"_wpcf7_locale\" value=\"en_US\" \/>\n<input type=\"hidden\" name=\"_wpcf7_unit_tag\" value=\"wpcf7-f8867-o1\" \/>\n<input type=\"hidden\" name=\"_wpcf7_container_post\" value=\"0\" \/>\n<input type=\"hidden\" name=\"_wpcf7_posted_data_hash\" value=\"\" \/>\n<input type=\"hidden\" name=\"_wpcf7_recaptcha_response\" value=\"\" \/>\n<\/div>\n<div class=\"gdlr-core-input-wrap gdlr-core-large gdlr-core-full-width gdlr-core-with-column gdlr-core-no-border\">\n\t<div class=\"gdlr-core-column-60\">\n\t\t<p><span class=\"wpcf7-form-control-wrap\" data-name=\"your-name\"><input size=\"40\" class=\"wpcf7-form-control wpcf7-text wpcf7-validates-as-required\" aria-required=\"true\" aria-invalid=\"false\" placeholder=\"First name and surname*\" value=\"\" type=\"text\" name=\"your-name\" \/><\/span>\n\t\t<\/p>\n\t<\/div>\n\t<div class=\"clear\">\n\t<\/div>\n\t<div class=\"gdlr-core-column-60\">\n\t\t<p><span class=\"wpcf7-form-control-wrap\" data-name=\"your-email\"><input size=\"40\" class=\"wpcf7-form-control wpcf7-text wpcf7-email wpcf7-validates-as-required wpcf7-validates-as-email\" aria-required=\"true\" aria-invalid=\"false\" placeholder=\"Email*\" value=\"\" type=\"email\" name=\"your-email\" \/><\/span>\n\t\t<\/p>\n\t<\/div>\n\t<div class=\"clear\">\n\t<\/div>\n\t<div class=\"gdlr-core-column-60\">\n\t\t<p><span class=\"wpcf7-form-control-wrap\" data-name=\"contact-data\"><input size=\"40\" class=\"wpcf7-form-control wpcf7-text wpcf7-tel wpcf7-validates-as-required wpcf7-validates-as-tel\" aria-required=\"true\" aria-invalid=\"false\" placeholder=\"Phone*\" value=\"\" type=\"tel\" name=\"contact-data\" \/><\/span>\n\t\t<\/p>\n\t<\/div>\n\t<div class=\"clear\">\n\t<\/div>\n\t<div class=\"gdlr-core-column-60\">\n\t\t<p><span class=\"wpcf7-form-control-wrap\" data-name=\"your-subject\"><input size=\"40\" class=\"wpcf7-form-control wpcf7-text wpcf7-validates-as-required\" aria-required=\"true\" aria-invalid=\"false\" placeholder=\"Subject*\" value=\"\" type=\"text\" name=\"your-subject\" \/><\/span>\n\t\t<\/p>\n\t<\/div>\n\t<div class=\"clear\">\n\t<\/div>\n\t<div class=\"gdlr-core-column-60\">\n\t\t<p><span class=\"wpcf7-form-control-wrap\" data-name=\"your-message\"><textarea cols=\"40\" rows=\"10\" class=\"wpcf7-form-control wpcf7-textarea wpcf7-validates-as-required\" aria-required=\"true\" aria-invalid=\"false\" placeholder=\"Message*\" name=\"your-message\"><\/textarea><\/span>\n\t\t<\/p>\n\t<\/div>\n\t<div class=\"clear\">\n\t<\/div>\n\t<div class=\"gdlr-core-column-60 condiciones\">\n\t\t<p>Pursuant to current data protection regulations, Regulation (EU) 2016\/679 of the European Parliament and of the Council of 27 April 2016 (GDPR), Organic Law on Data Protection and Guarantee of Digital Rights (LOPDGDD, Law 3\/2018 of 5 December), we provide you with the following information that you must read before authorizing the processing of your personal data:\n\t\t<\/p>\n\t\t<ul>\n\t\t\t<li>\n\t\t\t\t<p><strong>Data controller:<\/strong> INTERNACIONAL DE COMERCIO Y SERVICIOS, S.L., with Tax ID no.: B-36.006.468 and registered office at Muelle Comercial s\/n 36900 Mar\u00edn - Pontevedra. Email: rgpd@gruponogar.com\n\t\t\t\t<\/p>\n\t\t\t<\/li>\n\t\t\t<li>\n\t\t\t\t<p><strong>Purposes of the processing:<\/strong> The personal data provided will be used for the management of data on business contacts and potential customers. The purpose of advertising and market research has also been stipulated, and the express consent of the data subject to this purpose is also requested.\n\t\t\t\t<\/p>\n\t\t\t<\/li>\n\t\t\t<li>\n\t\t\t\t<p><strong>Legal basis:<\/strong> Express consent of the data subject.\n\t\t\t\t<\/p>\n\t\t\t<\/li>\n\t\t\t<li>\n\t\t\t\t<p><strong>Recipients:<\/strong> The data is not transferred to third parties. No international data transfers will be made.\n\t\t\t\t<\/p>\n\t\t\t<\/li>\n\t\t\t<li>\n\t\t\t\t<p><strong>Rights:<\/strong> You have the right to access, rectify and delete data, as well as other rights, as explained in the additional information.\n\t\t\t\t<\/p>\n\t\t\t<\/li>\n\t\t\t<li>\n\t\t\t\t<p><strong>Additional information:<\/strong> Additional information can be found in the company's Privacy and Data Protection Policy, which is available <a href=\"http:\/\/www.gruponogar.com\/politica-de-privacidad\/\" target=\"_blank\">here<\/a>.\n\t\t\t\t<\/p>\n\t\t\t<\/li>\n\t\t<\/ul>\n\t\t<div class=\"casilla\">\n\t\t\t<p><span class=\"wpcf7-form-control-wrap\" data-name=\"acceptance-231\"><span class=\"wpcf7-form-control wpcf7-acceptance\"><span class=\"wpcf7-list-item\"><label><input type=\"checkbox\" name=\"acceptance-231\" value=\"1\" aria-invalid=\"false\" \/><span class=\"wpcf7-list-item-label\">The data subject declares that he\/she is over 16 years of age and gives his\/her consent to the processing of his\/her personal data, in accordance with the information provided and the conditions set out in the Data Protection Policy. Likewise, he\/she declares that the data provided is accurate and truthful, and hereby commits to communicate any variation or modification that may occur in the aforementioned data in writing to: INTERNACIONAL DE COMERCIO Y SERVICIOS, S.L., Muelle Comercial s\/n 36900 Mar\u00edn - Pontevedra, or by e-mail to: <a href=\"rgpd@gruponogar.com\" target=\"_blank\">rgpd@gruponogar.com<\/a><\/span><\/label><\/span><\/span><\/span>\n\t\t\t<\/p>\n\t\t<\/div>\n\t<\/div>\n\t<div class=\"clear\">\n\t<\/div>\n\t<div class=\"gdlr-core-column-60 gdlr-core-left-align\">\n\t\t<p><input class=\"wpcf7-form-control has-spinner wpcf7-submit gdlr-core-large\" type=\"submit\" value=\"Submit\" \/>\n\t\t<\/p>\n\t<\/div>\n<\/div><input type='hidden' class='wpcf7-pum' value='{\"closepopup\":false,\"closedelay\":0,\"openpopup\":false,\"openpopup_id\":0}' \/><div class=\"wpcf7-response-output\" aria-hidden=\"true\"><\/div>\n<\/form>\n<\/div>\n\n","protected":false},"excerpt":{"rendered":"","protected":false},"author":1,"featured_media":0,"parent":0,"menu_order":0,"comment_status":"closed","ping_status":"closed","template":"","meta":[],"yoast_head":"<!-- This site is optimized with the Yoast SEO plugin v20.12 - https:\/\/yoast.com\/wordpress\/plugins\/seo\/ -->\n<title>Cereals for animal feed : Contact with Extrunoga<\/title>\n<meta name=\"description\" content=\"You can contact Extrunoga at: Pol\u00edgono Industrial O Campi\u00f1o, R\u00faa Chan de Parafita, 17, 36158 Marc\u00f3n - Pontevedra (Spain). Call us at: +34 986 876 579.\" \/>\n<meta name=\"robots\" content=\"index, follow, max-snippet:-1, max-image-preview:large, max-video-preview:-1\" \/>\n<link rel=\"canonical\" href=\"https:\/\/extrunoga.com\/en\/contact\/\" \/>\n<meta property=\"og:locale\" content=\"en_US\" \/>\n<meta property=\"og:type\" content=\"article\" \/>\n<meta property=\"og:title\" content=\"Cereals for animal feed : Contact with Extrunoga\" \/>\n<meta property=\"og:description\" content=\"You can contact Extrunoga at: Pol\u00edgono Industrial O Campi\u00f1o, R\u00faa Chan de Parafita, 17, 36158 Marc\u00f3n - Pontevedra (Spain). Call us at: +34 986 876 579.\" \/>\n<meta property=\"og:url\" content=\"https:\/\/extrunoga.com\/en\/contact\/\" \/>\n<meta property=\"og:site_name\" content=\"Extrunoga\" \/>\n<meta property=\"article:modified_time\" content=\"2022-03-29T14:37:00+00:00\" \/>\n<meta name=\"twitter:card\" content=\"summary_large_image\" \/>\n<script type=\"application\/ld+json\" class=\"yoast-schema-graph\">{\"@context\":\"https:\/\/schema.org\",\"@graph\":[{\"@type\":\"WebPage\",\"@id\":\"https:\/\/extrunoga.com\/en\/contact\/\",\"url\":\"https:\/\/extrunoga.com\/en\/contact\/\",\"name\":\"Cereals for animal feed : Contact with Extrunoga\",\"isPartOf\":{\"@id\":\"https:\/\/extrunoga.com\/#website\"},\"datePublished\":\"2021-04-13T10:35:09+00:00\",\"dateModified\":\"2022-03-29T14:37:00+00:00\",\"description\":\"You can contact Extrunoga at: Pol\u00edgono Industrial O Campi\u00f1o, R\u00faa Chan de Parafita, 17, 36158 Marc\u00f3n - Pontevedra (Spain). Call us at: +34 986 876 579.\",\"breadcrumb\":{\"@id\":\"https:\/\/extrunoga.com\/en\/contact\/#breadcrumb\"},\"inLanguage\":\"en-US\",\"potentialAction\":[{\"@type\":\"ReadAction\",\"target\":[\"https:\/\/extrunoga.com\/en\/contact\/\"]}]},{\"@type\":\"BreadcrumbList\",\"@id\":\"https:\/\/extrunoga.com\/en\/contact\/#breadcrumb\",\"itemListElement\":[{\"@type\":\"ListItem\",\"position\":1,\"name\":\"Portada\",\"item\":\"https:\/\/extrunoga.com\/en\/\"},{\"@type\":\"ListItem\",\"position\":2,\"name\":\"Contact\"}]},{\"@type\":\"WebSite\",\"@id\":\"https:\/\/extrunoga.com\/#website\",\"url\":\"https:\/\/extrunoga.com\/\",\"name\":\"Extrunoga\",\"description\":\"Extrunoga\",\"potentialAction\":[{\"@type\":\"SearchAction\",\"target\":{\"@type\":\"EntryPoint\",\"urlTemplate\":\"https:\/\/extrunoga.com\/?s={search_term_string}\"},\"query-input\":\"required name=search_term_string\"}],\"inLanguage\":\"en-US\"}]}<\/script>\n<!-- \/ Yoast SEO plugin. -->","yoast_head_json":{"title":"Cereals for animal feed : Contact with Extrunoga","description":"You can contact Extrunoga at: Pol\u00edgono Industrial O Campi\u00f1o, R\u00faa Chan de Parafita, 17, 36158 Marc\u00f3n - Pontevedra (Spain). Call us at: +34 986 876 579.","robots":{"index":"index","follow":"follow","max-snippet":"max-snippet:-1","max-image-preview":"max-image-preview:large","max-video-preview":"max-video-preview:-1"},"canonical":"https:\/\/extrunoga.com\/en\/contact\/","og_locale":"en_US","og_type":"article","og_title":"Cereals for animal feed : Contact with Extrunoga","og_description":"You can contact Extrunoga at: Pol\u00edgono Industrial O Campi\u00f1o, R\u00faa Chan de Parafita, 17, 36158 Marc\u00f3n - Pontevedra (Spain). Call us at: +34 986 876 579.","og_url":"https:\/\/extrunoga.com\/en\/contact\/","og_site_name":"Extrunoga","article_modified_time":"2022-03-29T14:37:00+00:00","twitter_card":"summary_large_image","schema":{"@context":"https:\/\/schema.org","@graph":[{"@type":"WebPage","@id":"https:\/\/extrunoga.com\/en\/contact\/","url":"https:\/\/extrunoga.com\/en\/contact\/","name":"Cereals for animal feed : Contact with Extrunoga","isPartOf":{"@id":"https:\/\/extrunoga.com\/#website"},"datePublished":"2021-04-13T10:35:09+00:00","dateModified":"2022-03-29T14:37:00+00:00","description":"You can contact Extrunoga at: Pol\u00edgono Industrial O Campi\u00f1o, R\u00faa Chan de Parafita, 17, 36158 Marc\u00f3n - Pontevedra (Spain). Call us at: +34 986 876 579.","breadcrumb":{"@id":"https:\/\/extrunoga.com\/en\/contact\/#breadcrumb"},"inLanguage":"en-US","potentialAction":[{"@type":"ReadAction","target":["https:\/\/extrunoga.com\/en\/contact\/"]}]},{"@type":"BreadcrumbList","@id":"https:\/\/extrunoga.com\/en\/contact\/#breadcrumb","itemListElement":[{"@type":"ListItem","position":1,"name":"Portada","item":"https:\/\/extrunoga.com\/en\/"},{"@type":"ListItem","position":2,"name":"Contact"}]},{"@type":"WebSite","@id":"https:\/\/extrunoga.com\/#website","url":"https:\/\/extrunoga.com\/","name":"Extrunoga","description":"Extrunoga","potentialAction":[{"@type":"SearchAction","target":{"@type":"EntryPoint","urlTemplate":"https:\/\/extrunoga.com\/?s={search_term_string}"},"query-input":"required name=search_term_string"}],"inLanguage":"en-US"}]}},"_links":{"self":[{"href":"https:\/\/extrunoga.com\/en\/wp-json\/wp\/v2\/pages\/8861"}],"collection":[{"href":"https:\/\/extrunoga.com\/en\/wp-json\/wp\/v2\/pages"}],"about":[{"href":"https:\/\/extrunoga.com\/en\/wp-json\/wp\/v2\/types\/page"}],"author":[{"embeddable":true,"href":"https:\/\/extrunoga.com\/en\/wp-json\/wp\/v2\/users\/1"}],"replies":[{"embeddable":true,"href":"https:\/\/extrunoga.com\/en\/wp-json\/wp\/v2\/comments?post=8861"}],"version-history":[{"count":3,"href":"https:\/\/extrunoga.com\/en\/wp-json\/wp\/v2\/pages\/8861\/revisions"}],"predecessor-version":[{"id":9436,"href":"https:\/\/extrunoga.com\/en\/wp-json\/wp\/v2\/pages\/8861\/revisions\/9436"}],"wp:attachment":[{"href":"https:\/\/extrunoga.com\/en\/wp-json\/wp\/v2\/media?parent=8861"}],"curies":[{"name":"wp","href":"https:\/\/api.w.org\/{rel}","templated":true}]}}