{"id":9337,"date":"2022-01-28T08:43:21","date_gmt":"2022-01-28T07:43:21","guid":{"rendered":"https:\/\/extrunoga.com\/produtos\/"},"modified":"2022-03-29T16:41:23","modified_gmt":"2022-03-29T14:41:23","slug":"produtos","status":"publish","type":"page","link":"https:\/\/extrunoga.com\/pt-pt\/produtos\/","title":{"rendered":"Produtos"},"content":{"rendered":"<p>\n<div class=\"wpcf7 no-js\" id=\"wpcf7-f9333-o1\" lang=\"pt-PT\" dir=\"ltr\">\n<div class=\"screen-reader-response\"><p role=\"status\" aria-live=\"polite\" aria-atomic=\"true\"><\/p> <ul><\/ul><\/div>\n<form action=\"\/pt-pt\/wp-json\/wp\/v2\/pages\/9337#wpcf7-f9333-o1\" method=\"post\" class=\"wpcf7-form init\" aria-label=\"Formul\u00e1rio de contacto\" novalidate=\"novalidate\" data-status=\"init\">\n<div style=\"display: none;\">\n<input type=\"hidden\" name=\"_wpcf7\" value=\"9333\" \/>\n<input type=\"hidden\" name=\"_wpcf7_version\" value=\"5.7.7\" \/>\n<input type=\"hidden\" name=\"_wpcf7_locale\" value=\"pt_PT\" \/>\n<input type=\"hidden\" name=\"_wpcf7_unit_tag\" value=\"wpcf7-f9333-o1\" \/>\n<input type=\"hidden\" name=\"_wpcf7_container_post\" value=\"0\" \/>\n<input type=\"hidden\" name=\"_wpcf7_posted_data_hash\" value=\"\" \/>\n<input type=\"hidden\" name=\"_wpcf7_recaptcha_response\" value=\"\" \/>\n<\/div>\n<div class=\"gdlr-core-input-wrap gdlr-core-large gdlr-core-full-width gdlr-core-with-column gdlr-core-no-border\">\n\t<div class=\"gdlr-core-column-60\">\n\t\t<p><span class=\"wpcf7-form-control-wrap\" data-name=\"your-name\"><input size=\"40\" class=\"wpcf7-form-control wpcf7-text wpcf7-validates-as-required\" aria-required=\"true\" aria-invalid=\"false\" placeholder=\"Nome e apelidos*\" value=\"\" type=\"text\" name=\"your-name\" \/><\/span>\n\t\t<\/p>\n\t<\/div>\n\t<div class=\"clear\">\n\t<\/div>\n\t<div class=\"gdlr-core-column-60\">\n\t\t<p><span class=\"wpcf7-form-control-wrap\" data-name=\"your-email\"><input size=\"40\" class=\"wpcf7-form-control wpcf7-text wpcf7-email wpcf7-validates-as-required wpcf7-validates-as-email\" aria-required=\"true\" aria-invalid=\"false\" placeholder=\"E-mail*\" value=\"\" type=\"email\" name=\"your-email\" \/><\/span>\n\t\t<\/p>\n\t<\/div>\n\t<div class=\"clear\">\n\t<\/div>\n\t<div class=\"gdlr-core-column-60\">\n\t\t<p><span class=\"wpcf7-form-control-wrap\" data-name=\"contacto-datos\"><input size=\"40\" class=\"wpcf7-form-control wpcf7-text wpcf7-tel wpcf7-validates-as-required wpcf7-validates-as-tel\" aria-required=\"true\" aria-invalid=\"false\" placeholder=\"Telefone*\" value=\"\" type=\"tel\" name=\"contacto-datos\" \/><\/span>\n\t\t<\/p>\n\t<\/div>\n\t<div class=\"clear\">\n\t<\/div>\n\t<div class=\"gdlr-core-column-60\">\n\t\t<p><span class=\"wpcf7-form-control-wrap\" data-name=\"your-subject\"><input size=\"40\" class=\"wpcf7-form-control wpcf7-text wpcf7-validates-as-required\" aria-required=\"true\" aria-invalid=\"false\" placeholder=\"Assunto*\" value=\"\" type=\"text\" name=\"your-subject\" \/><\/span>\n\t\t<\/p>\n\t<\/div>\n\t<div class=\"clear\">\n\t<\/div>\n\t<div class=\"gdlr-core-column-60\">\n\t\t<p><span class=\"wpcf7-form-control-wrap\" data-name=\"your-message\"><textarea cols=\"40\" rows=\"10\" class=\"wpcf7-form-control wpcf7-textarea wpcf7-validates-as-required\" aria-required=\"true\" aria-invalid=\"false\" placeholder=\"Mensagem*\" name=\"your-message\"><\/textarea><\/span>\n\t\t<\/p>\n\t<\/div>\n\t<div class=\"clear\">\n\t<\/div>\n\t<div class=\"gdlr-core-column-60 condiciones\">\n\t\t<p>Em conformidade com a legisla\u00e7\u00e3o em vigor, em mat\u00e9ria de prote\u00e7\u00e3o de dados, o Regulamento (UE) 2016\/679, do Parlamento Europeu e do Conselho, de 27 de abril de 2016 (RGPD), a Lei Org\u00e2nica relativa \u00e0 Prote\u00e7\u00e3o de Dados de Car\u00e1ter Pessoal e Garantia dos Direitos Digitais (LOPDGDD, Lei 3\/2018, de 5 de dezembro de 2018), fornecemos-lhe as informa\u00e7\u00f5es abaixo, as quais dever\u00e1 ler antes de autorizar o tratamento dos seus dados pessoais:\n\t\t<\/p>\n\t\t<ul>\n\t\t\t<li>\n\t\t\t\t<p><strong>Respons\u00e1vel pelo tratamento:<\/strong> INTERNACIONAL DE COMERCIO Y SERVICIOS, S.L., com o NIF: B-36.006.468 e sede social em Muelle Comercial s\/n 36900 Mar\u00edn \u2013 Pontevedra. E-mail: rgpd@gruponogar.com\n\t\t\t\t<\/p>\n\t\t\t<\/li>\n\t\t\t<li>\n\t\t\t\t<p><strong>Finalidades do tratamento:<\/strong> Os dados pessoais fornecidos ser\u00e3o utilizados para a gest\u00e3o de dados de contacto comerciais e de potenciais clientes. Encontra-se igualmente prevista a finalidade de publicidade e de prospe\u00e7\u00e3o comercial, para a qual \u00e9 solicitado o consentimento expresso da pessoa em causa.\n\t\t\t\t<\/p>\n\t\t\t<\/li>\n\t\t\t<li>\n\t\t\t\t<p><strong>Legitima\u00e7\u00e3o:<\/strong> consentimento expresso por parte da pessoa a quem os dados dizem respeito.\n\t\t\t\t<\/p>\n\t\t\t<\/li>\n\t\t\t<li>\n\t\t\t\t<p><strong>Destinat\u00e1rios:<\/strong> n\u00e3o s\u00e3o feitas transfer\u00eancias para terceiros. N\u00e3o ser\u00e3o feitas quaisquer transfer\u00eancias internacionais de dados.\n\t\t\t\t<\/p>\n\t\t\t<\/li>\n\t\t\t<li>\n\t\t\t\t<p><strong>Direitos:<\/strong> tem o direito de aceder, retificar e apagar os dados, assim como outros direitos, conforme explicado nas informa\u00e7\u00f5es adicionais.\n\t\t\t\t<\/p>\n\t\t\t<\/li>\n\t\t\t<li>\n\t\t\t\t<p><strong>Informa\u00e7\u00e3o adicional:<\/strong> poder\u00e1 encontrar as informa\u00e7\u00f5es adicionais na Pol\u00edtica de Privacidade e Prote\u00e7\u00e3o de Dados da empresa, dispon\u00edvel <a href=\"http:\/\/www.gruponogar.com\/politica-de-privacidad\/\" target=\"_blank\">aqui<\/a>.\n\t\t\t\t<\/p>\n\t\t\t<\/li>\n\t\t<\/ul>\n\t\t<div class=\"casilla\">\n\t\t\t<p><span class=\"wpcf7-form-control-wrap\" data-name=\"acceptance-231\"><span class=\"wpcf7-form-control wpcf7-acceptance\"><span class=\"wpcf7-list-item\"><label><input type=\"checkbox\" name=\"acceptance-231\" value=\"1\" aria-invalid=\"false\" \/><span class=\"wpcf7-list-item-label\">O\/a interessado\/a declara ter mais de 16 anos e que d\u00e1 o seu consentimento para o tratamento dos seus dados de car\u00e1ter pessoal, em conformidade com as informa\u00e7\u00f5es fornecidas e as condi\u00e7\u00f5es estabelecidas na Pol\u00edtica de Prote\u00e7\u00e3o de Dados. De igual modo, declara que os dados que nos forneceu s\u00e3o exatos e verdadeiros e compromete-se a comunicar \u00e0 INTERNACIONAL DE COMERCIO Y SERVICIOS, S.L., Muelle Comercial s\/n 36900 Mar\u00edn \u2013 Pontevedra, por escrito ou por <i>e-mail <\/i>para: <a href=\"rgpd@gruponogar.com\" target=\"_blank\">rgpd@gruponogar.com<\/a>, qualquer emenda ou altera\u00e7\u00e3o que possa ocorrer nos referidos dados.<\/a><\/span><\/label><\/span><\/span><\/span>\n\t\t\t<\/p>\n\t\t<\/div>\n\t<\/div>\n\t<div class=\"clear\">\n\t<\/div>\n\t<div class=\"gdlr-core-column-60 gdlr-core-left-align\">\n\t\t<p><input class=\"wpcf7-form-control has-spinner wpcf7-submit gdlr-core-large\" type=\"submit\" value=\"Enviar\" \/>\n\t\t<\/p>\n\t<\/div>\n<\/div><input type='hidden' class='wpcf7-pum' value='{\"closepopup\":false,\"closedelay\":0,\"openpopup\":false,\"openpopup_id\":0}' \/><div class=\"wpcf7-response-output\" aria-hidden=\"true\"><\/div>\n<\/form>\n<\/div>\n <!-- es de pega solo para que funcionen los filtros con el contenido y recaptcha--><\/p>\n","protected":false},"excerpt":{"rendered":"","protected":false},"author":1,"featured_media":0,"parent":0,"menu_order":0,"comment_status":"closed","ping_status":"closed","template":"","meta":[],"yoast_head":"<!-- This site is optimized with the Yoast SEO plugin v20.12 - https:\/\/yoast.com\/wordpress\/plugins\/seo\/ -->\n<title>Cereais extrudidos enriquecidos com produtos l\u00e1cteos para a alimenta\u00e7\u00e3o animal | Extrunoga<\/title>\n<meta name=\"description\" content=\"Extrudidos l\u00e1cteos, cereais enriquecidos, atrav\u00e9s de um processo inovador, com produtos l\u00e1cteos ou outros aditivos para as f\u00f3rmulas de alimenta\u00e7\u00e3o animal.\" \/>\n<meta name=\"robots\" content=\"index, follow, max-snippet:-1, max-image-preview:large, max-video-preview:-1\" \/>\n<link rel=\"canonical\" href=\"https:\/\/extrunoga.com\/pt-pt\/produtos\/\" \/>\n<meta property=\"og:locale\" content=\"pt_PT\" \/>\n<meta property=\"og:type\" content=\"article\" \/>\n<meta property=\"og:title\" content=\"Cereais extrudidos enriquecidos com produtos l\u00e1cteos para a alimenta\u00e7\u00e3o animal | Extrunoga\" \/>\n<meta property=\"og:description\" content=\"Extrudidos l\u00e1cteos, cereais enriquecidos, atrav\u00e9s de um processo inovador, com produtos l\u00e1cteos ou outros aditivos para as f\u00f3rmulas de alimenta\u00e7\u00e3o animal.\" \/>\n<meta property=\"og:url\" content=\"https:\/\/extrunoga.com\/pt-pt\/produtos\/\" \/>\n<meta property=\"og:site_name\" content=\"Extrunoga\" \/>\n<meta property=\"article:modified_time\" content=\"2022-03-29T14:41:23+00:00\" \/>\n<meta name=\"twitter:card\" content=\"summary_large_image\" \/>\n<script type=\"application\/ld+json\" class=\"yoast-schema-graph\">{\"@context\":\"https:\/\/schema.org\",\"@graph\":[{\"@type\":\"WebPage\",\"@id\":\"https:\/\/extrunoga.com\/pt-pt\/produtos\/\",\"url\":\"https:\/\/extrunoga.com\/pt-pt\/produtos\/\",\"name\":\"Cereais extrudidos enriquecidos com produtos l\u00e1cteos para a alimenta\u00e7\u00e3o animal | Extrunoga\",\"isPartOf\":{\"@id\":\"https:\/\/extrunoga.com\/#website\"},\"datePublished\":\"2022-01-28T07:43:21+00:00\",\"dateModified\":\"2022-03-29T14:41:23+00:00\",\"description\":\"Extrudidos l\u00e1cteos, cereais enriquecidos, atrav\u00e9s de um processo inovador, com produtos l\u00e1cteos ou outros aditivos para as f\u00f3rmulas de alimenta\u00e7\u00e3o animal.\",\"breadcrumb\":{\"@id\":\"https:\/\/extrunoga.com\/pt-pt\/produtos\/#breadcrumb\"},\"inLanguage\":\"pt-PT\",\"potentialAction\":[{\"@type\":\"ReadAction\",\"target\":[\"https:\/\/extrunoga.com\/pt-pt\/produtos\/\"]}]},{\"@type\":\"BreadcrumbList\",\"@id\":\"https:\/\/extrunoga.com\/pt-pt\/produtos\/#breadcrumb\",\"itemListElement\":[{\"@type\":\"ListItem\",\"position\":1,\"name\":\"Portada\",\"item\":\"https:\/\/extrunoga.com\/pt-pt\/\"},{\"@type\":\"ListItem\",\"position\":2,\"name\":\"Produtos\"}]},{\"@type\":\"WebSite\",\"@id\":\"https:\/\/extrunoga.com\/#website\",\"url\":\"https:\/\/extrunoga.com\/\",\"name\":\"Extrunoga\",\"description\":\"Extrunoga\",\"potentialAction\":[{\"@type\":\"SearchAction\",\"target\":{\"@type\":\"EntryPoint\",\"urlTemplate\":\"https:\/\/extrunoga.com\/?s={search_term_string}\"},\"query-input\":\"required name=search_term_string\"}],\"inLanguage\":\"pt-PT\"}]}<\/script>\n<!-- \/ Yoast SEO plugin. -->","yoast_head_json":{"title":"Cereais extrudidos enriquecidos com produtos l\u00e1cteos para a alimenta\u00e7\u00e3o animal | Extrunoga","description":"Extrudidos l\u00e1cteos, cereais enriquecidos, atrav\u00e9s de um processo inovador, com produtos l\u00e1cteos ou outros aditivos para as f\u00f3rmulas de alimenta\u00e7\u00e3o animal.","robots":{"index":"index","follow":"follow","max-snippet":"max-snippet:-1","max-image-preview":"max-image-preview:large","max-video-preview":"max-video-preview:-1"},"canonical":"https:\/\/extrunoga.com\/pt-pt\/produtos\/","og_locale":"pt_PT","og_type":"article","og_title":"Cereais extrudidos enriquecidos com produtos l\u00e1cteos para a alimenta\u00e7\u00e3o animal | Extrunoga","og_description":"Extrudidos l\u00e1cteos, cereais enriquecidos, atrav\u00e9s de um processo inovador, com produtos l\u00e1cteos ou outros aditivos para as f\u00f3rmulas de alimenta\u00e7\u00e3o animal.","og_url":"https:\/\/extrunoga.com\/pt-pt\/produtos\/","og_site_name":"Extrunoga","article_modified_time":"2022-03-29T14:41:23+00:00","twitter_card":"summary_large_image","schema":{"@context":"https:\/\/schema.org","@graph":[{"@type":"WebPage","@id":"https:\/\/extrunoga.com\/pt-pt\/produtos\/","url":"https:\/\/extrunoga.com\/pt-pt\/produtos\/","name":"Cereais extrudidos enriquecidos com produtos l\u00e1cteos para a alimenta\u00e7\u00e3o animal | Extrunoga","isPartOf":{"@id":"https:\/\/extrunoga.com\/#website"},"datePublished":"2022-01-28T07:43:21+00:00","dateModified":"2022-03-29T14:41:23+00:00","description":"Extrudidos l\u00e1cteos, cereais enriquecidos, atrav\u00e9s de um processo inovador, com produtos l\u00e1cteos ou outros aditivos para as f\u00f3rmulas de alimenta\u00e7\u00e3o animal.","breadcrumb":{"@id":"https:\/\/extrunoga.com\/pt-pt\/produtos\/#breadcrumb"},"inLanguage":"pt-PT","potentialAction":[{"@type":"ReadAction","target":["https:\/\/extrunoga.com\/pt-pt\/produtos\/"]}]},{"@type":"BreadcrumbList","@id":"https:\/\/extrunoga.com\/pt-pt\/produtos\/#breadcrumb","itemListElement":[{"@type":"ListItem","position":1,"name":"Portada","item":"https:\/\/extrunoga.com\/pt-pt\/"},{"@type":"ListItem","position":2,"name":"Produtos"}]},{"@type":"WebSite","@id":"https:\/\/extrunoga.com\/#website","url":"https:\/\/extrunoga.com\/","name":"Extrunoga","description":"Extrunoga","potentialAction":[{"@type":"SearchAction","target":{"@type":"EntryPoint","urlTemplate":"https:\/\/extrunoga.com\/?s={search_term_string}"},"query-input":"required name=search_term_string"}],"inLanguage":"pt-PT"}]}},"_links":{"self":[{"href":"https:\/\/extrunoga.com\/pt-pt\/wp-json\/wp\/v2\/pages\/9337"}],"collection":[{"href":"https:\/\/extrunoga.com\/pt-pt\/wp-json\/wp\/v2\/pages"}],"about":[{"href":"https:\/\/extrunoga.com\/pt-pt\/wp-json\/wp\/v2\/types\/page"}],"author":[{"embeddable":true,"href":"https:\/\/extrunoga.com\/pt-pt\/wp-json\/wp\/v2\/users\/1"}],"replies":[{"embeddable":true,"href":"https:\/\/extrunoga.com\/pt-pt\/wp-json\/wp\/v2\/comments?post=9337"}],"version-history":[{"count":1,"href":"https:\/\/extrunoga.com\/pt-pt\/wp-json\/wp\/v2\/pages\/9337\/revisions"}],"predecessor-version":[{"id":9440,"href":"https:\/\/extrunoga.com\/pt-pt\/wp-json\/wp\/v2\/pages\/9337\/revisions\/9440"}],"wp:attachment":[{"href":"https:\/\/extrunoga.com\/pt-pt\/wp-json\/wp\/v2\/media?parent=9337"}],"curies":[{"name":"wp","href":"https:\/\/api.w.org\/{rel}","templated":true}]}}