{"id":9338,"date":"2022-01-28T08:43:29","date_gmt":"2022-01-28T07:43:29","guid":{"rendered":"https:\/\/extrunoga.com\/a-fabrica\/"},"modified":"2022-01-28T08:43:29","modified_gmt":"2022-01-28T07:43:29","slug":"a-fabrica","status":"publish","type":"page","link":"https:\/\/extrunoga.com\/pt-pt\/a-fabrica\/","title":{"rendered":"A F\u00e1brica"},"content":{"rendered":"","protected":false},"excerpt":{"rendered":"","protected":false},"author":1,"featured_media":0,"parent":0,"menu_order":0,"comment_status":"closed","ping_status":"closed","template":"","meta":[],"yoast_head":"<!-- This site is optimized with the Yoast SEO plugin v20.12 - https:\/\/yoast.com\/wordpress\/plugins\/seo\/ -->\n<title>Fabrico, processamento e automatiza\u00e7\u00e3o de produtos extrudidos | Extrunoga<\/title>\n<meta name=\"description\" content=\"A Extrunoga apresenta caracter\u00edsticas diferenciadoras em v\u00e1rios processos e um elevado grau de automatiza\u00e7\u00e3o, o que a torna \u00fanica no setor.\" \/>\n<meta name=\"robots\" content=\"index, follow, max-snippet:-1, max-image-preview:large, max-video-preview:-1\" \/>\n<link rel=\"canonical\" href=\"https:\/\/extrunoga.com\/pt-pt\/a-fabrica\/\" \/>\n<meta property=\"og:locale\" content=\"pt_PT\" \/>\n<meta property=\"og:type\" content=\"article\" \/>\n<meta property=\"og:title\" content=\"Fabrico, processamento e automatiza\u00e7\u00e3o de produtos extrudidos | Extrunoga\" \/>\n<meta property=\"og:description\" content=\"A Extrunoga apresenta caracter\u00edsticas diferenciadoras em v\u00e1rios processos e um elevado grau de automatiza\u00e7\u00e3o, o que a torna \u00fanica no setor.\" \/>\n<meta property=\"og:url\" content=\"https:\/\/extrunoga.com\/pt-pt\/a-fabrica\/\" \/>\n<meta property=\"og:site_name\" content=\"Extrunoga\" \/>\n<meta name=\"twitter:card\" content=\"summary_large_image\" \/>\n<script type=\"application\/ld+json\" class=\"yoast-schema-graph\">{\"@context\":\"https:\/\/schema.org\",\"@graph\":[{\"@type\":\"WebPage\",\"@id\":\"https:\/\/extrunoga.com\/pt-pt\/a-fabrica\/\",\"url\":\"https:\/\/extrunoga.com\/pt-pt\/a-fabrica\/\",\"name\":\"Fabrico, processamento e automatiza\u00e7\u00e3o de produtos extrudidos | Extrunoga\",\"isPartOf\":{\"@id\":\"https:\/\/extrunoga.com\/#website\"},\"datePublished\":\"2022-01-28T07:43:29+00:00\",\"dateModified\":\"2022-01-28T07:43:29+00:00\",\"description\":\"A Extrunoga apresenta caracter\u00edsticas diferenciadoras em v\u00e1rios processos e um elevado grau de automatiza\u00e7\u00e3o, o que a torna \u00fanica no setor.\",\"breadcrumb\":{\"@id\":\"https:\/\/extrunoga.com\/pt-pt\/a-fabrica\/#breadcrumb\"},\"inLanguage\":\"pt-PT\",\"potentialAction\":[{\"@type\":\"ReadAction\",\"target\":[\"https:\/\/extrunoga.com\/pt-pt\/a-fabrica\/\"]}]},{\"@type\":\"BreadcrumbList\",\"@id\":\"https:\/\/extrunoga.com\/pt-pt\/a-fabrica\/#breadcrumb\",\"itemListElement\":[{\"@type\":\"ListItem\",\"position\":1,\"name\":\"Portada\",\"item\":\"https:\/\/extrunoga.com\/pt-pt\/\"},{\"@type\":\"ListItem\",\"position\":2,\"name\":\"A F\u00e1brica\"}]},{\"@type\":\"WebSite\",\"@id\":\"https:\/\/extrunoga.com\/#website\",\"url\":\"https:\/\/extrunoga.com\/\",\"name\":\"Extrunoga\",\"description\":\"Extrunoga\",\"potentialAction\":[{\"@type\":\"SearchAction\",\"target\":{\"@type\":\"EntryPoint\",\"urlTemplate\":\"https:\/\/extrunoga.com\/?s={search_term_string}\"},\"query-input\":\"required name=search_term_string\"}],\"inLanguage\":\"pt-PT\"}]}<\/script>\n<!-- \/ Yoast SEO plugin. -->","yoast_head_json":{"title":"Fabrico, processamento e automatiza\u00e7\u00e3o de produtos extrudidos | Extrunoga","description":"A Extrunoga apresenta caracter\u00edsticas diferenciadoras em v\u00e1rios processos e um elevado grau de automatiza\u00e7\u00e3o, o que a torna \u00fanica no setor.","robots":{"index":"index","follow":"follow","max-snippet":"max-snippet:-1","max-image-preview":"max-image-preview:large","max-video-preview":"max-video-preview:-1"},"canonical":"https:\/\/extrunoga.com\/pt-pt\/a-fabrica\/","og_locale":"pt_PT","og_type":"article","og_title":"Fabrico, processamento e automatiza\u00e7\u00e3o de produtos extrudidos | Extrunoga","og_description":"A Extrunoga apresenta caracter\u00edsticas diferenciadoras em v\u00e1rios processos e um elevado grau de automatiza\u00e7\u00e3o, o que a torna \u00fanica no setor.","og_url":"https:\/\/extrunoga.com\/pt-pt\/a-fabrica\/","og_site_name":"Extrunoga","twitter_card":"summary_large_image","schema":{"@context":"https:\/\/schema.org","@graph":[{"@type":"WebPage","@id":"https:\/\/extrunoga.com\/pt-pt\/a-fabrica\/","url":"https:\/\/extrunoga.com\/pt-pt\/a-fabrica\/","name":"Fabrico, processamento e automatiza\u00e7\u00e3o de produtos extrudidos | Extrunoga","isPartOf":{"@id":"https:\/\/extrunoga.com\/#website"},"datePublished":"2022-01-28T07:43:29+00:00","dateModified":"2022-01-28T07:43:29+00:00","description":"A Extrunoga apresenta caracter\u00edsticas diferenciadoras em v\u00e1rios processos e um elevado grau de automatiza\u00e7\u00e3o, o que a torna \u00fanica no setor.","breadcrumb":{"@id":"https:\/\/extrunoga.com\/pt-pt\/a-fabrica\/#breadcrumb"},"inLanguage":"pt-PT","potentialAction":[{"@type":"ReadAction","target":["https:\/\/extrunoga.com\/pt-pt\/a-fabrica\/"]}]},{"@type":"BreadcrumbList","@id":"https:\/\/extrunoga.com\/pt-pt\/a-fabrica\/#breadcrumb","itemListElement":[{"@type":"ListItem","position":1,"name":"Portada","item":"https:\/\/extrunoga.com\/pt-pt\/"},{"@type":"ListItem","position":2,"name":"A F\u00e1brica"}]},{"@type":"WebSite","@id":"https:\/\/extrunoga.com\/#website","url":"https:\/\/extrunoga.com\/","name":"Extrunoga","description":"Extrunoga","potentialAction":[{"@type":"SearchAction","target":{"@type":"EntryPoint","urlTemplate":"https:\/\/extrunoga.com\/?s={search_term_string}"},"query-input":"required name=search_term_string"}],"inLanguage":"pt-PT"}]}},"_links":{"self":[{"href":"https:\/\/extrunoga.com\/pt-pt\/wp-json\/wp\/v2\/pages\/9338"}],"collection":[{"href":"https:\/\/extrunoga.com\/pt-pt\/wp-json\/wp\/v2\/pages"}],"about":[{"href":"https:\/\/extrunoga.com\/pt-pt\/wp-json\/wp\/v2\/types\/page"}],"author":[{"embeddable":true,"href":"https:\/\/extrunoga.com\/pt-pt\/wp-json\/wp\/v2\/users\/1"}],"replies":[{"embeddable":true,"href":"https:\/\/extrunoga.com\/pt-pt\/wp-json\/wp\/v2\/comments?post=9338"}],"version-history":[{"count":0,"href":"https:\/\/extrunoga.com\/pt-pt\/wp-json\/wp\/v2\/pages\/9338\/revisions"}],"wp:attachment":[{"href":"https:\/\/extrunoga.com\/pt-pt\/wp-json\/wp\/v2\/media?parent=9338"}],"curies":[{"name":"wp","href":"https:\/\/api.w.org\/{rel}","templated":true}]}}