{"id":9341,"date":"2022-01-28T08:43:36","date_gmt":"2022-01-28T07:43:36","guid":{"rendered":"https:\/\/extrunoga.com\/cookies\/"},"modified":"2022-03-30T14:02:05","modified_gmt":"2022-03-30T12:02:05","slug":"cookies","status":"publish","type":"page","link":"https:\/\/extrunoga.com\/pt-pt\/cookies\/","title":{"rendered":"Cookies"},"content":{"rendered":"<div id=\"cmplz-cookies-overview\"><details class=\"cmplz-dropdown cmplz-service-desc cmplz-dropdown-cookiepolicy \">\n\t<summary class=\"cmplz-service-header\"><div>\n\t\t<h3>Google reCAPTCHA<\/h3>\n\t\t<p>Marketing\/Tracking, Marketing\/Acompanhamento<\/p>\n\t\t<label for=\"cmplz_service_google-recaptcha\" class=\"cmplz_consent_per_service_label\"><span class=\"screen-reader-text\">Consent to service google-recaptcha<\/span><\/label>\n\t\t<input type=\"checkbox\" id=\"cmplz_service_google-recaptcha\" class=\"cmplz-accept-service cmplz-hidden\" data-service=\"google-recaptcha\" data-category=\"functional\"><\/div>\n\t<\/summary>\n\t<div class=\"cmplz-service-description\">\n\t\t<h4>Utiliza\u00e7\u00e3o<\/h4>\n\t\t<p>Usamos Google reCAPTCHA para spam prevention.<\/p>\n\t<\/div>\n\t<div class=\"cmplz-sharing-data\">\n\t\t<h4>Partilha de dados<\/h4>\n\t\t<p><\/p>\n\t<\/div>\n\t<div class=\"cookies-per-purpose\">\n    <div class=\"purpose\"><h4>Marketing\/Tracking<\/h4><\/div>\n    <div class=\"name-header\">\n\t<h5>Nome<\/h5>\n<\/div>\n<div class=\"name\"><a target=\"_blank\" rel=\"noopener noreferrer nofollow\" href=\"https:\/\/cookiedatabase.org\/cookie\/unknown-service\/_grecaptcha\/\">_grecaptcha<\/a><\/div>\n<div class=\"retention-header\">\n\t<h5>Vencimento<\/h5>\n<\/div>\n<div class=\"retention\">sesi\u00f3n<\/div>\n<div class=\"function-header\">\n\t<h5>Fun\u00e7\u00e3o<\/h5>\n<\/div>\n<div class=\"function\">Provide spam protection<\/div>\n\n<\/div><div class=\"cookies-per-purpose\">\n    <div class=\"purpose\"><h4>Marketing\/Acompanhamento<\/h4><\/div>\n    <div class=\"name-header\">\n\t<h5>Nome<\/h5>\n<\/div>\n<div class=\"name\">rc::c<\/div>\n<div class=\"retention-header\">\n\t<h5>Vencimento<\/h5>\n<\/div>\n<div class=\"retention\">Sess\u00e3o<\/div>\n<div class=\"function-header\">\n\t<h5>Fun\u00e7\u00e3o<\/h5>\n<\/div>\n<div class=\"function\">Filtrar solicita\u00e7\u00f5es de bot<\/div>\n<div class=\"name-header\">\n\t<h5>Nome<\/h5>\n<\/div>\n<div class=\"name\">rc::b<\/div>\n<div class=\"retention-header\">\n\t<h5>Vencimento<\/h5>\n<\/div>\n<div class=\"retention\">Sess\u00e3o<\/div>\n<div class=\"function-header\">\n\t<h5>Fun\u00e7\u00e3o<\/h5>\n<\/div>\n<div class=\"function\">Filtrar solicita\u00e7\u00f5es de bot<\/div>\n<div class=\"name-header\">\n\t<h5>Nome<\/h5>\n<\/div>\n<div class=\"name\">rc::a<\/div>\n<div class=\"retention-header\">\n\t<h5>Vencimento<\/h5>\n<\/div>\n<div class=\"retention\">Persistente<\/div>\n<div class=\"function-header\">\n\t<h5>Fun\u00e7\u00e3o<\/h5>\n<\/div>\n<div class=\"function\">Filtrar solicita\u00e7\u00f5es de bot<\/div>\n\n<\/div>\n<\/details>\n<details class=\"cmplz-dropdown cmplz-service-desc cmplz-dropdown-cookiepolicy \">\n\t<summary class=\"cmplz-service-header\"><div>\n\t\t<h3>Google Analytics<\/h3>\n\t\t<p>Estatisticas<\/p>\n\t\t<label for=\"cmplz_service_google-analytics\" class=\"cmplz_consent_per_service_label\"><span class=\"screen-reader-text\">Consent to service google-analytics<\/span><\/label>\n\t\t<input type=\"checkbox\" id=\"cmplz_service_google-analytics\" class=\"cmplz-accept-service cmplz-hidden\" data-service=\"google-analytics\" data-category=\"functional\"><\/div>\n\t<\/summary>\n\t<div class=\"cmplz-service-description\">\n\t\t<h4>Utiliza\u00e7\u00e3o<\/h4>\n\t\t<p>Usamos Google Analytics para website statistics.<\/p>\n\t<\/div>\n\t<div class=\"cmplz-sharing-data\">\n\t\t<h4>Partilha de dados<\/h4>\n\t\t<p><\/p>\n\t<\/div>\n\t<div class=\"cookies-per-purpose\">\n    <div class=\"purpose\"><h4>Estatisticas<\/h4><\/div>\n    <div class=\"name-header\">\n\t<h5>Nome<\/h5>\n<\/div>\n<div class=\"name\"><a target=\"_blank\" rel=\"noopener noreferrer nofollow\" href=\"https:\/\/cookiedatabase.org\/cookie\/unknown-service\/_ga\/\">_ga<\/a><\/div>\n<div class=\"retention-header\">\n\t<h5>Vencimento<\/h5>\n<\/div>\n<div class=\"retention\">2 anos<\/div>\n<div class=\"function-header\">\n\t<h5>Fun\u00e7\u00e3o<\/h5>\n<\/div>\n<div class=\"function\">Contar e rastrear visualiza\u00e7\u00f5es de p\u00e1gina<\/div>\n<div class=\"name-header\">\n\t<h5>Nome<\/h5>\n<\/div>\n<div class=\"name\"><a target=\"_blank\" rel=\"noopener noreferrer nofollow\" href=\"https:\/\/cookiedatabase.org\/cookie\/unknown-service\/_gid\/\">_gid<\/a><\/div>\n<div class=\"retention-header\">\n\t<h5>Vencimento<\/h5>\n<\/div>\n<div class=\"retention\">1 dia<\/div>\n<div class=\"function-header\">\n\t<h5>Fun\u00e7\u00e3o<\/h5>\n<\/div>\n<div class=\"function\">Contar e rastrear visualiza\u00e7\u00f5es de p\u00e1gina<\/div>\n<div class=\"name-header\">\n\t<h5>Nome<\/h5>\n<\/div>\n<div class=\"name\"><a target=\"_blank\" rel=\"noopener noreferrer nofollow\" href=\"https:\/\/cookiedatabase.org\/cookie\/unknown-service\/_gat_gtag_ua_-2\/\">_gat_gtag_UA_*<\/a><\/div>\n<div class=\"retention-header\">\n\t<h5>Vencimento<\/h5>\n<\/div>\n<div class=\"retention\">1 minuto<\/div>\n<div class=\"function-header\">\n\t<h5>Fun\u00e7\u00e3o<\/h5>\n<\/div>\n<div class=\"function\">Armazenar um ID de usu\u00e1rio exclusivo<\/div>\n<div class=\"name-header\">\n\t<h5>Nome<\/h5>\n<\/div>\n<div class=\"name\">_gat<\/div>\n<div class=\"retention-header\">\n\t<h5>Vencimento<\/h5>\n<\/div>\n<div class=\"retention\">1 minuto<\/div>\n<div class=\"function-header\">\n\t<h5>Fun\u00e7\u00e3o<\/h5>\n<\/div>\n<div class=\"function\">Filtrar solicita\u00e7\u00f5es de bot<\/div>\n\n<\/div>\n<\/details>\n<details class=\"cmplz-dropdown cmplz-service-desc cmplz-dropdown-cookiepolicy \">\n\t<summary class=\"cmplz-service-header\"><div>\n\t\t<h3>WPML<\/h3>\n\t\t<p>Functional, Funcional<\/p>\n\t\t<label for=\"cmplz_service_wpml\" class=\"cmplz_consent_per_service_label\"><span class=\"screen-reader-text\">Consent to service wpml<\/span><\/label>\n\t\t<input type=\"checkbox\" id=\"cmplz_service_wpml\" class=\"cmplz-accept-service cmplz-hidden\" data-service=\"wpml\" data-category=\"functional\"><\/div>\n\t<\/summary>\n\t<div class=\"cmplz-service-description\">\n\t\t<h4>Utiliza\u00e7\u00e3o<\/h4>\n\t\t<p>Usamos WPML para locale management.<\/p>\n\t<\/div>\n\t<div class=\"cmplz-sharing-data\">\n\t\t<h4>Partilha de dados<\/h4>\n\t\t<p>Esses dados n\u00e3o s\u00e3o partilhados com terceiros.<\/p>\n\t<\/div>\n\t<div class=\"cookies-per-purpose\">\n    <div class=\"purpose\"><h4>Functional<\/h4><\/div>\n    <div class=\"name-header\">\n\t<h5>Nome<\/h5>\n<\/div>\n<div class=\"name\"><a target=\"_blank\" rel=\"noopener noreferrer nofollow\" href=\"https:\/\/cookiedatabase.org\/cookie\/unknown-service\/_icl_visitor_lang_js\/\">_icl_visitor_lang_js<\/a><\/div>\n<div class=\"retention-header\">\n\t<h5>Vencimento<\/h5>\n<\/div>\n<div class=\"retention\">Session<\/div>\n<div class=\"function-header\">\n\t<h5>Fun\u00e7\u00e3o<\/h5>\n<\/div>\n<div class=\"function\">Stores the redirected language. This cookie is enabled for all site visitors when redirection based on browser language is applied<\/div>\n\n<\/div><div class=\"cookies-per-purpose\">\n    <div class=\"purpose\"><h4>Funcional<\/h4><\/div>\n    <div class=\"name-header\">\n\t<h5>Nome<\/h5>\n<\/div>\n<div class=\"name\"><a target=\"_blank\" rel=\"noopener noreferrer nofollow\" href=\"https:\/\/cookiedatabase.org\/cookie\/unknown-service\/wpml_browser_redirect_test\/\">wpml_browser_redirect_test<\/a><\/div>\n<div class=\"retention-header\">\n\t<h5>Vencimento<\/h5>\n<\/div>\n<div class=\"retention\">Sess\u00e3o<\/div>\n<div class=\"function-header\">\n\t<h5>Fun\u00e7\u00e3o<\/h5>\n<\/div>\n<div class=\"function\">Verifique se os cookies podem ser instalados<\/div>\n<div class=\"name-header\">\n\t<h5>Nome<\/h5>\n<\/div>\n<div class=\"name\"><a target=\"_blank\" rel=\"noopener noreferrer nofollow\" href=\"https:\/\/cookiedatabase.org\/cookie\/unknown-service\/wp-wpml_current_language\/\">wp-wpml_current_language<\/a><\/div>\n<div class=\"retention-header\">\n\t<h5>Vencimento<\/h5>\n<\/div>\n<div class=\"retention\">1 dia<\/div>\n<div class=\"function-header\">\n\t<h5>Fun\u00e7\u00e3o<\/h5>\n<\/div>\n<div class=\"function\">Salvar configura\u00e7\u00f5es de idioma<\/div>\n\n<\/div>\n<\/details>\n<details class=\"cmplz-dropdown cmplz-service-desc cmplz-dropdown-cookiepolicy \">\n\t<summary class=\"cmplz-service-header\"><div>\n\t\t<h3>Complianz<\/h3>\n\t\t<p>Funcional<\/p>\n\t\t<label for=\"cmplz_service_complianz\" class=\"cmplz_consent_per_service_label\"><span class=\"screen-reader-text\">Consent to service complianz<\/span><\/label>\n\t\t<input type=\"checkbox\" id=\"cmplz_service_complianz\" class=\"cmplz-accept-service cmplz-hidden\" data-service=\"complianz\" data-category=\"functional\"><\/div>\n\t<\/summary>\n\t<div class=\"cmplz-service-description\">\n\t\t<h4>Utiliza\u00e7\u00e3o<\/h4>\n\t\t<p>Usamos Complianz para cookie consent management.<\/p>\n\t<\/div>\n\t<div class=\"cmplz-sharing-data\">\n\t\t<h4>Partilha de dados<\/h4>\n\t\t<p>Esses dados n\u00e3o s\u00e3o partilhados com terceiros.&nbsp;Para mais informa\u00e7\u00f5es, leia a <a target=\"_blank\" rel=\"noopener noreferrer\" href=\"https:\/\/complianz.io\/legal\/privacy-statement\/\">Complianz Declara\u00e7\u00e3o de Privacidade<\/a>.<\/p>\n\t<\/div>\n\t<div class=\"cookies-per-purpose\">\n    <div class=\"purpose\"><h4>Funcional<\/h4><\/div>\n    <div class=\"name-header\">\n\t<h5>Nome<\/h5>\n<\/div>\n<div class=\"name\"><a target=\"_blank\" rel=\"noopener noreferrer nofollow\" href=\"https:\/\/cookiedatabase.org\/cookie\/unknown-service\/cmplz_consented_services\/\">cmplz_consented_services<\/a><\/div>\n<div class=\"retention-header\">\n\t<h5>Vencimento<\/h5>\n<\/div>\n<div class=\"retention\">365 dias<\/div>\n<div class=\"function-header\">\n\t<h5>Fun\u00e7\u00e3o<\/h5>\n<\/div>\n<div class=\"function\">Salvar prefer\u00eancias de consentimento de cookies<\/div>\n<div class=\"name-header\">\n\t<h5>Nome<\/h5>\n<\/div>\n<div class=\"name\"><a target=\"_blank\" rel=\"noopener noreferrer nofollow\" href=\"https:\/\/cookiedatabase.org\/cookie\/unknown-service\/cmplz_marketing\/\">cmplz_marketing<\/a><\/div>\n<div class=\"retention-header\">\n\t<h5>Vencimento<\/h5>\n<\/div>\n<div class=\"retention\">365 dias<\/div>\n<div class=\"function-header\">\n\t<h5>Fun\u00e7\u00e3o<\/h5>\n<\/div>\n<div class=\"function\">Salvar prefer\u00eancias de consentimento de cookies<\/div>\n<div class=\"name-header\">\n\t<h5>Nome<\/h5>\n<\/div>\n<div class=\"name\"><a target=\"_blank\" rel=\"noopener noreferrer nofollow\" href=\"https:\/\/cookiedatabase.org\/cookie\/unknown-service\/cmplz_statistics\/\">cmplz_statistics<\/a><\/div>\n<div class=\"retention-header\">\n\t<h5>Vencimento<\/h5>\n<\/div>\n<div class=\"retention\">365 dias<\/div>\n<div class=\"function-header\">\n\t<h5>Fun\u00e7\u00e3o<\/h5>\n<\/div>\n<div class=\"function\">Salvar prefer\u00eancias de consentimento de cookies<\/div>\n<div class=\"name-header\">\n\t<h5>Nome<\/h5>\n<\/div>\n<div class=\"name\"><a target=\"_blank\" rel=\"noopener noreferrer nofollow\" href=\"https:\/\/cookiedatabase.org\/cookie\/unknown-service\/cmplz_preferences\/\">cmplz_preferences<\/a><\/div>\n<div class=\"retention-header\">\n\t<h5>Vencimento<\/h5>\n<\/div>\n<div class=\"retention\">365 dias<\/div>\n<div class=\"function-header\">\n\t<h5>Fun\u00e7\u00e3o<\/h5>\n<\/div>\n<div class=\"function\">Salvar prefer\u00eancias de consentimento de cookies<\/div>\n<div class=\"name-header\">\n\t<h5>Nome<\/h5>\n<\/div>\n<div class=\"name\"><a target=\"_blank\" rel=\"noopener noreferrer nofollow\" href=\"https:\/\/cookiedatabase.org\/cookie\/unknown-service\/cmplz_functional\/\">cmplz_functional<\/a><\/div>\n<div class=\"retention-header\">\n\t<h5>Vencimento<\/h5>\n<\/div>\n<div class=\"retention\">365 dias<\/div>\n<div class=\"function-header\">\n\t<h5>Fun\u00e7\u00e3o<\/h5>\n<\/div>\n<div class=\"function\">Salvar prefer\u00eancias de consentimento de cookies<\/div>\n<div class=\"name-header\">\n\t<h5>Nome<\/h5>\n<\/div>\n<div class=\"name\"><a target=\"_blank\" rel=\"noopener noreferrer nofollow\" href=\"https:\/\/cookiedatabase.org\/cookie\/unknown-service\/cmplz_banner-status\/\">cmplz_banner-status<\/a><\/div>\n<div class=\"retention-header\">\n\t<h5>Vencimento<\/h5>\n<\/div>\n<div class=\"retention\">365 dias<\/div>\n<div class=\"function-header\">\n\t<h5>Fun\u00e7\u00e3o<\/h5>\n<\/div>\n<div class=\"function\">Salve se o banner do cookie foi dispensado<\/div>\n\n<\/div><div class=\"cookies-per-purpose\">\n    <div class=\"purpose\"><h4>Finalidade pendente de investiga\u00e7\u00e3o<\/h4><\/div>\n    <div class=\"name-header\">\n\t<h5>Nome<\/h5>\n<\/div>\n<div class=\"name\"><a target=\"_blank\" rel=\"noopener noreferrer nofollow\" href=\"https:\/\/cookiedatabase.org\/cookie\/unknown-service\/cmplz_policy_id\/\">cmplz_policy_id<\/a><\/div>\n<div class=\"retention-header\">\n\t<h5>Vencimento<\/h5>\n<\/div>\n<div class=\"retention\">365 dias<\/div>\n<div class=\"function-header\">\n\t<h5>Fun\u00e7\u00e3o<\/h5>\n<\/div>\n<div class=\"function\"><\/div>\n\n<\/div>\n<\/details>\n<details class=\"cmplz-dropdown cmplz-service-desc cmplz-dropdown-cookiepolicy \">\n\t<summary class=\"cmplz-service-header\"><div>\n\t\t<h3>Google Fonts<\/h3>\n\t\t<p>Marketing\/Acompanhamento<\/p>\n\t\t<label for=\"cmplz_service_google-fonts\" class=\"cmplz_consent_per_service_label\"><span class=\"screen-reader-text\">Consent to service google-fonts<\/span><\/label>\n\t\t<input type=\"checkbox\" id=\"cmplz_service_google-fonts\" class=\"cmplz-accept-service cmplz-hidden\" data-service=\"google-fonts\" data-category=\"functional\"><\/div>\n\t<\/summary>\n\t<div class=\"cmplz-service-description\">\n\t\t<h4>Utiliza\u00e7\u00e3o<\/h4>\n\t\t<p>Usamos Google Fonts para display of webfonts.<\/p>\n\t<\/div>\n\t<div class=\"cmplz-sharing-data\">\n\t\t<h4>Partilha de dados<\/h4>\n\t\t<p><\/p>\n\t<\/div>\n\t<div class=\"cookies-per-purpose\">\n    <div class=\"purpose\"><h4>Marketing\/Acompanhamento<\/h4><\/div>\n    <div class=\"name-header\">\n\t<h5>Nome<\/h5>\n<\/div>\n<div class=\"name\">Google Fonts API<\/div>\n<div class=\"retention-header\">\n\t<h5>Vencimento<\/h5>\n<\/div>\n<div class=\"retention\">Expira imediatamente<\/div>\n<div class=\"function-header\">\n\t<h5>Fun\u00e7\u00e3o<\/h5>\n<\/div>\n<div class=\"function\">Solicitar o endere\u00e7o IP do usu\u00e1rio<\/div>\n\n<\/div>\n<\/details>\n<details class=\"cmplz-dropdown cmplz-service-desc cmplz-dropdown-cookiepolicy \">\n\t<summary class=\"cmplz-service-header\"><div>\n\t\t<h3>Google Maps<\/h3>\n\t\t<p>Marketing\/Acompanhamento<\/p>\n\t\t<label for=\"cmplz_service_google-maps\" class=\"cmplz_consent_per_service_label\"><span class=\"screen-reader-text\">Consent to service google-maps<\/span><\/label>\n\t\t<input type=\"checkbox\" id=\"cmplz_service_google-maps\" class=\"cmplz-accept-service cmplz-hidden\" data-service=\"google-maps\" data-category=\"functional\"><\/div>\n\t<\/summary>\n\t<div class=\"cmplz-service-description\">\n\t\t<h4>Utiliza\u00e7\u00e3o<\/h4>\n\t\t<p>Usamos Google Maps para maps display.<\/p>\n\t<\/div>\n\t<div class=\"cmplz-sharing-data\">\n\t\t<h4>Partilha de dados<\/h4>\n\t\t<p><\/p>\n\t<\/div>\n\t<div class=\"cookies-per-purpose\">\n    <div class=\"purpose\"><h4>Marketing\/Acompanhamento<\/h4><\/div>\n    <div class=\"name-header\">\n\t<h5>Nome<\/h5>\n<\/div>\n<div class=\"name\">Google Maps API<\/div>\n<div class=\"retention-header\">\n\t<h5>Vencimento<\/h5>\n<\/div>\n<div class=\"retention\">expira imediatamente<\/div>\n<div class=\"function-header\">\n\t<h5>Fun\u00e7\u00e3o<\/h5>\n<\/div>\n<div class=\"function\">Solicitar o endere\u00e7o IP do usu\u00e1rio<\/div>\n\n<\/div>\n<\/details>\n<details class=\"cmplz-dropdown cmplz-service-desc cmplz-dropdown-cookiepolicy \">\n\t<summary class=\"cmplz-service-header\"><div>\n\t\t<h3>WordPress<\/h3>\n\t\t<p>Funcional<\/p>\n\t\t<label for=\"cmplz_service_wordpress\" class=\"cmplz_consent_per_service_label\"><span class=\"screen-reader-text\">Consent to service wordpress<\/span><\/label>\n\t\t<input type=\"checkbox\" id=\"cmplz_service_wordpress\" class=\"cmplz-accept-service cmplz-hidden\" data-service=\"wordpress\" data-category=\"functional\"><\/div>\n\t<\/summary>\n\t<div class=\"cmplz-service-description\">\n\t\t<h4>Utiliza\u00e7\u00e3o<\/h4>\n\t\t<p>Usamos WordPress para website development.<\/p>\n\t<\/div>\n\t<div class=\"cmplz-sharing-data\">\n\t\t<h4>Partilha de dados<\/h4>\n\t\t<p>Esses dados n\u00e3o s\u00e3o partilhados com terceiros.<\/p>\n\t<\/div>\n\t<div class=\"cookies-per-purpose\">\n    <div class=\"purpose\"><h4>Funcional<\/h4><\/div>\n    <div class=\"name-header\">\n\t<h5>Nome<\/h5>\n<\/div>\n<div class=\"name\">PHPSESSID<\/div>\n<div class=\"retention-header\">\n\t<h5>Vencimento<\/h5>\n<\/div>\n<div class=\"retention\">Sesi\u00f3n<\/div>\n<div class=\"function-header\">\n\t<h5>Fun\u00e7\u00e3o<\/h5>\n<\/div>\n<div class=\"function\">Este cookie \u00e9 usado pela linguagem de programa\u00e7\u00e3o PHP para permitir que as vari\u00e1veis \u200b\u200bde sess\u00e3o sejam salvas no servidor web.\r\n<\/div>\n\n<\/div>\n<\/details>\n<details class=\"cmplz-dropdown cmplz-service-desc cmplz-dropdown-cookiepolicy \">\n\t<summary class=\"cmplz-service-header\"><div>\n\t\t<h3>Diversos<\/h3>\n\t\t<p>Finalidade pendente de investiga\u00e7\u00e3o<\/p>\n\t\t<label for=\"cmplz_service_diversos\" class=\"cmplz_consent_per_service_label\"><span class=\"screen-reader-text\">Consent to service diversos<\/span><\/label>\n\t\t<input type=\"checkbox\" id=\"cmplz_service_diversos\" class=\"cmplz-accept-service cmplz-hidden\" data-service=\"diversos\" data-category=\"functional\"><\/div>\n\t<\/summary>\n\t<div class=\"cmplz-service-description\">\n\t\t<h4>Utiliza\u00e7\u00e3o<\/h4>\n\t\t<p><\/p>\n\t<\/div>\n\t<div class=\"cmplz-sharing-data\">\n\t\t<h4>Partilha de dados<\/h4>\n\t\t<p>A partilha de dados est\u00e1 pendente de investiga\u00e7\u00e3o<\/p>\n\t<\/div>\n\t<div class=\"cookies-per-purpose\">\n    <div class=\"purpose\"><h4>Finalidade pendente de investiga\u00e7\u00e3o<\/h4><\/div>\n    <div class=\"name-header\">\n\t<h5>Nome<\/h5>\n<\/div>\n<div class=\"name\">algoliasearch-client-js<\/div>\n<div class=\"retention-header\">\n\t<h5>Vencimento<\/h5>\n<\/div>\n<div class=\"retention\"><\/div>\n<div class=\"function-header\">\n\t<h5>Fun\u00e7\u00e3o<\/h5>\n<\/div>\n<div class=\"function\"><\/div>\n<div class=\"name-header\">\n\t<h5>Nome<\/h5>\n<\/div>\n<div class=\"name\">wp_lang<\/div>\n<div class=\"retention-header\">\n\t<h5>Vencimento<\/h5>\n<\/div>\n<div class=\"retention\"><\/div>\n<div class=\"function-header\">\n\t<h5>Fun\u00e7\u00e3o<\/h5>\n<\/div>\n<div class=\"function\"><\/div>\n<div class=\"name-header\">\n\t<h5>Nome<\/h5>\n<\/div>\n<div class=\"name\">_ga_N11T0BTZ9H<\/div>\n<div class=\"retention-header\">\n\t<h5>Vencimento<\/h5>\n<\/div>\n<div class=\"retention\"><\/div>\n<div class=\"function-header\">\n\t<h5>Fun\u00e7\u00e3o<\/h5>\n<\/div>\n<div class=\"function\"><\/div>\n<div class=\"name-header\">\n\t<h5>Nome<\/h5>\n<\/div>\n<div class=\"name\">GDPR_REMOVAL_FLAG<\/div>\n<div class=\"retention-header\">\n\t<h5>Vencimento<\/h5>\n<\/div>\n<div class=\"retention\"><\/div>\n<div class=\"function-header\">\n\t<h5>Fun\u00e7\u00e3o<\/h5>\n<\/div>\n<div class=\"function\"><\/div>\n\n<\/div>\n<\/details>\n<\/div>\n","protected":false},"excerpt":{"rendered":"","protected":false},"author":1,"featured_media":0,"parent":0,"menu_order":0,"comment_status":"closed","ping_status":"closed","template":"","meta":[],"yoast_head":"<!-- This site is optimized with the Yoast SEO plugin v20.12 - https:\/\/yoast.com\/wordpress\/plugins\/seo\/ -->\n<title>Cookies - Extrunoga<\/title>\n<meta name=\"robots\" content=\"index, follow, max-snippet:-1, max-image-preview:large, max-video-preview:-1\" \/>\n<link rel=\"canonical\" href=\"https:\/\/extrunoga.com\/pt-pt\/cookies\/\" \/>\n<meta property=\"og:locale\" content=\"pt_PT\" \/>\n<meta property=\"og:type\" content=\"article\" \/>\n<meta property=\"og:title\" content=\"Cookies - Extrunoga\" \/>\n<meta property=\"og:url\" content=\"https:\/\/extrunoga.com\/pt-pt\/cookies\/\" \/>\n<meta property=\"og:site_name\" content=\"Extrunoga\" \/>\n<meta property=\"article:modified_time\" content=\"2022-03-30T12:02:05+00:00\" \/>\n<meta name=\"twitter:card\" content=\"summary_large_image\" \/>\n<script type=\"application\/ld+json\" class=\"yoast-schema-graph\">{\"@context\":\"https:\/\/schema.org\",\"@graph\":[{\"@type\":\"WebPage\",\"@id\":\"https:\/\/extrunoga.com\/pt-pt\/cookies\/\",\"url\":\"https:\/\/extrunoga.com\/pt-pt\/cookies\/\",\"name\":\"Cookies - Extrunoga\",\"isPartOf\":{\"@id\":\"https:\/\/extrunoga.com\/#website\"},\"datePublished\":\"2022-01-28T07:43:36+00:00\",\"dateModified\":\"2022-03-30T12:02:05+00:00\",\"breadcrumb\":{\"@id\":\"https:\/\/extrunoga.com\/pt-pt\/cookies\/#breadcrumb\"},\"inLanguage\":\"pt-PT\",\"potentialAction\":[{\"@type\":\"ReadAction\",\"target\":[\"https:\/\/extrunoga.com\/pt-pt\/cookies\/\"]}]},{\"@type\":\"BreadcrumbList\",\"@id\":\"https:\/\/extrunoga.com\/pt-pt\/cookies\/#breadcrumb\",\"itemListElement\":[{\"@type\":\"ListItem\",\"position\":1,\"name\":\"Portada\",\"item\":\"https:\/\/extrunoga.com\/pt-pt\/\"},{\"@type\":\"ListItem\",\"position\":2,\"name\":\"Cookies\"}]},{\"@type\":\"WebSite\",\"@id\":\"https:\/\/extrunoga.com\/#website\",\"url\":\"https:\/\/extrunoga.com\/\",\"name\":\"Extrunoga\",\"description\":\"Extrunoga\",\"potentialAction\":[{\"@type\":\"SearchAction\",\"target\":{\"@type\":\"EntryPoint\",\"urlTemplate\":\"https:\/\/extrunoga.com\/?s={search_term_string}\"},\"query-input\":\"required name=search_term_string\"}],\"inLanguage\":\"pt-PT\"}]}<\/script>\n<!-- \/ Yoast SEO plugin. -->","yoast_head_json":{"title":"Cookies - Extrunoga","robots":{"index":"index","follow":"follow","max-snippet":"max-snippet:-1","max-image-preview":"max-image-preview:large","max-video-preview":"max-video-preview:-1"},"canonical":"https:\/\/extrunoga.com\/pt-pt\/cookies\/","og_locale":"pt_PT","og_type":"article","og_title":"Cookies - Extrunoga","og_url":"https:\/\/extrunoga.com\/pt-pt\/cookies\/","og_site_name":"Extrunoga","article_modified_time":"2022-03-30T12:02:05+00:00","twitter_card":"summary_large_image","schema":{"@context":"https:\/\/schema.org","@graph":[{"@type":"WebPage","@id":"https:\/\/extrunoga.com\/pt-pt\/cookies\/","url":"https:\/\/extrunoga.com\/pt-pt\/cookies\/","name":"Cookies - Extrunoga","isPartOf":{"@id":"https:\/\/extrunoga.com\/#website"},"datePublished":"2022-01-28T07:43:36+00:00","dateModified":"2022-03-30T12:02:05+00:00","breadcrumb":{"@id":"https:\/\/extrunoga.com\/pt-pt\/cookies\/#breadcrumb"},"inLanguage":"pt-PT","potentialAction":[{"@type":"ReadAction","target":["https:\/\/extrunoga.com\/pt-pt\/cookies\/"]}]},{"@type":"BreadcrumbList","@id":"https:\/\/extrunoga.com\/pt-pt\/cookies\/#breadcrumb","itemListElement":[{"@type":"ListItem","position":1,"name":"Portada","item":"https:\/\/extrunoga.com\/pt-pt\/"},{"@type":"ListItem","position":2,"name":"Cookies"}]},{"@type":"WebSite","@id":"https:\/\/extrunoga.com\/#website","url":"https:\/\/extrunoga.com\/","name":"Extrunoga","description":"Extrunoga","potentialAction":[{"@type":"SearchAction","target":{"@type":"EntryPoint","urlTemplate":"https:\/\/extrunoga.com\/?s={search_term_string}"},"query-input":"required name=search_term_string"}],"inLanguage":"pt-PT"}]}},"_links":{"self":[{"href":"https:\/\/extrunoga.com\/pt-pt\/wp-json\/wp\/v2\/pages\/9341"}],"collection":[{"href":"https:\/\/extrunoga.com\/pt-pt\/wp-json\/wp\/v2\/pages"}],"about":[{"href":"https:\/\/extrunoga.com\/pt-pt\/wp-json\/wp\/v2\/types\/page"}],"author":[{"embeddable":true,"href":"https:\/\/extrunoga.com\/pt-pt\/wp-json\/wp\/v2\/users\/1"}],"replies":[{"embeddable":true,"href":"https:\/\/extrunoga.com\/pt-pt\/wp-json\/wp\/v2\/comments?post=9341"}],"version-history":[{"count":2,"href":"https:\/\/extrunoga.com\/pt-pt\/wp-json\/wp\/v2\/pages\/9341\/revisions"}],"predecessor-version":[{"id":9454,"href":"https:\/\/extrunoga.com\/pt-pt\/wp-json\/wp\/v2\/pages\/9341\/revisions\/9454"}],"wp:attachment":[{"href":"https:\/\/extrunoga.com\/pt-pt\/wp-json\/wp\/v2\/media?parent=9341"}],"curies":[{"name":"wp","href":"https:\/\/api.w.org\/{rel}","templated":true}]}}