{"id":9343,"date":"2022-01-28T08:43:40","date_gmt":"2022-01-28T07:43:40","guid":{"rendered":"https:\/\/extrunoga.com\/index\/"},"modified":"2025-11-11T12:19:03","modified_gmt":"2025-11-11T11:19:03","slug":"index","status":"publish","type":"page","link":"https:\/\/extrunoga.com\/pt-pt\/","title":{"rendered":"Index"},"content":{"rendered":"","protected":false},"excerpt":{"rendered":"","protected":false},"author":1,"featured_media":0,"parent":0,"menu_order":0,"comment_status":"closed","ping_status":"closed","template":"","meta":[],"yoast_head":"<!-- This site is optimized with the Yoast SEO plugin v20.12 - https:\/\/yoast.com\/wordpress\/plugins\/seo\/ -->\n<title>Produtos de nutri\u00e7\u00e3o animal, cereais para alimenta\u00e7\u00e3o animal | Extrunoga<\/title>\n<meta name=\"description\" content=\"A Extrunoga oferece produtos inovadores para a alimenta\u00e7\u00e3o animal, combinando a extrus\u00e3o com outros ingredientes s\u00f3lidos e l\u00edquidos complementares.\" \/>\n<meta name=\"robots\" content=\"index, follow, max-snippet:-1, max-image-preview:large, max-video-preview:-1\" \/>\n<link rel=\"canonical\" href=\"https:\/\/extrunoga.com\/pt-pt\/\" \/>\n<meta property=\"og:locale\" content=\"pt_PT\" \/>\n<meta property=\"og:type\" content=\"article\" \/>\n<meta property=\"og:title\" content=\"Produtos de nutri\u00e7\u00e3o animal, cereais para alimenta\u00e7\u00e3o animal | Extrunoga\" \/>\n<meta property=\"og:description\" content=\"A Extrunoga oferece produtos inovadores para a alimenta\u00e7\u00e3o animal, combinando a extrus\u00e3o com outros ingredientes s\u00f3lidos e l\u00edquidos complementares.\" \/>\n<meta property=\"og:url\" content=\"https:\/\/extrunoga.com\/pt-pt\/\" \/>\n<meta property=\"og:site_name\" content=\"Extrunoga\" \/>\n<meta property=\"article:modified_time\" content=\"2025-11-11T11:19:03+00:00\" \/>\n<meta name=\"twitter:card\" content=\"summary_large_image\" \/>\n<script type=\"application\/ld+json\" class=\"yoast-schema-graph\">{\"@context\":\"https:\/\/schema.org\",\"@graph\":[{\"@type\":\"WebPage\",\"@id\":\"https:\/\/extrunoga.com\/pt-pt\/\",\"url\":\"https:\/\/extrunoga.com\/pt-pt\/\",\"name\":\"Produtos de nutri\u00e7\u00e3o animal, cereais para alimenta\u00e7\u00e3o animal | Extrunoga\",\"isPartOf\":{\"@id\":\"https:\/\/extrunoga.com\/#website\"},\"datePublished\":\"2022-01-28T07:43:40+00:00\",\"dateModified\":\"2025-11-11T11:19:03+00:00\",\"description\":\"A Extrunoga oferece produtos inovadores para a alimenta\u00e7\u00e3o animal, combinando a extrus\u00e3o com outros ingredientes s\u00f3lidos e l\u00edquidos complementares.\",\"breadcrumb\":{\"@id\":\"https:\/\/extrunoga.com\/pt-pt\/#breadcrumb\"},\"inLanguage\":\"pt-PT\",\"potentialAction\":[{\"@type\":\"ReadAction\",\"target\":[\"https:\/\/extrunoga.com\/pt-pt\/\"]}]},{\"@type\":\"BreadcrumbList\",\"@id\":\"https:\/\/extrunoga.com\/pt-pt\/#breadcrumb\",\"itemListElement\":[{\"@type\":\"ListItem\",\"position\":1,\"name\":\"Portada\",\"item\":\"https:\/\/extrunoga.com\/pt-pt\/\"},{\"@type\":\"ListItem\",\"position\":2,\"name\":\"Index\"}]},{\"@type\":\"WebSite\",\"@id\":\"https:\/\/extrunoga.com\/#website\",\"url\":\"https:\/\/extrunoga.com\/\",\"name\":\"Extrunoga\",\"description\":\"Extrunoga\",\"potentialAction\":[{\"@type\":\"SearchAction\",\"target\":{\"@type\":\"EntryPoint\",\"urlTemplate\":\"https:\/\/extrunoga.com\/?s={search_term_string}\"},\"query-input\":\"required name=search_term_string\"}],\"inLanguage\":\"pt-PT\"}]}<\/script>\n<!-- \/ Yoast SEO plugin. -->","yoast_head_json":{"title":"Produtos de nutri\u00e7\u00e3o animal, cereais para alimenta\u00e7\u00e3o animal | Extrunoga","description":"A Extrunoga oferece produtos inovadores para a alimenta\u00e7\u00e3o animal, combinando a extrus\u00e3o com outros ingredientes s\u00f3lidos e l\u00edquidos complementares.","robots":{"index":"index","follow":"follow","max-snippet":"max-snippet:-1","max-image-preview":"max-image-preview:large","max-video-preview":"max-video-preview:-1"},"canonical":"https:\/\/extrunoga.com\/pt-pt\/","og_locale":"pt_PT","og_type":"article","og_title":"Produtos de nutri\u00e7\u00e3o animal, cereais para alimenta\u00e7\u00e3o animal | Extrunoga","og_description":"A Extrunoga oferece produtos inovadores para a alimenta\u00e7\u00e3o animal, combinando a extrus\u00e3o com outros ingredientes s\u00f3lidos e l\u00edquidos complementares.","og_url":"https:\/\/extrunoga.com\/pt-pt\/","og_site_name":"Extrunoga","article_modified_time":"2025-11-11T11:19:03+00:00","twitter_card":"summary_large_image","schema":{"@context":"https:\/\/schema.org","@graph":[{"@type":"WebPage","@id":"https:\/\/extrunoga.com\/pt-pt\/","url":"https:\/\/extrunoga.com\/pt-pt\/","name":"Produtos de nutri\u00e7\u00e3o animal, cereais para alimenta\u00e7\u00e3o animal | Extrunoga","isPartOf":{"@id":"https:\/\/extrunoga.com\/#website"},"datePublished":"2022-01-28T07:43:40+00:00","dateModified":"2025-11-11T11:19:03+00:00","description":"A Extrunoga oferece produtos inovadores para a alimenta\u00e7\u00e3o animal, combinando a extrus\u00e3o com outros ingredientes s\u00f3lidos e l\u00edquidos complementares.","breadcrumb":{"@id":"https:\/\/extrunoga.com\/pt-pt\/#breadcrumb"},"inLanguage":"pt-PT","potentialAction":[{"@type":"ReadAction","target":["https:\/\/extrunoga.com\/pt-pt\/"]}]},{"@type":"BreadcrumbList","@id":"https:\/\/extrunoga.com\/pt-pt\/#breadcrumb","itemListElement":[{"@type":"ListItem","position":1,"name":"Portada","item":"https:\/\/extrunoga.com\/pt-pt\/"},{"@type":"ListItem","position":2,"name":"Index"}]},{"@type":"WebSite","@id":"https:\/\/extrunoga.com\/#website","url":"https:\/\/extrunoga.com\/","name":"Extrunoga","description":"Extrunoga","potentialAction":[{"@type":"SearchAction","target":{"@type":"EntryPoint","urlTemplate":"https:\/\/extrunoga.com\/?s={search_term_string}"},"query-input":"required name=search_term_string"}],"inLanguage":"pt-PT"}]}},"_links":{"self":[{"href":"https:\/\/extrunoga.com\/pt-pt\/wp-json\/wp\/v2\/pages\/9343"}],"collection":[{"href":"https:\/\/extrunoga.com\/pt-pt\/wp-json\/wp\/v2\/pages"}],"about":[{"href":"https:\/\/extrunoga.com\/pt-pt\/wp-json\/wp\/v2\/types\/page"}],"author":[{"embeddable":true,"href":"https:\/\/extrunoga.com\/pt-pt\/wp-json\/wp\/v2\/users\/1"}],"replies":[{"embeddable":true,"href":"https:\/\/extrunoga.com\/pt-pt\/wp-json\/wp\/v2\/comments?post=9343"}],"version-history":[{"count":5,"href":"https:\/\/extrunoga.com\/pt-pt\/wp-json\/wp\/v2\/pages\/9343\/revisions"}],"predecessor-version":[{"id":12346,"href":"https:\/\/extrunoga.com\/pt-pt\/wp-json\/wp\/v2\/pages\/9343\/revisions\/12346"}],"wp:attachment":[{"href":"https:\/\/extrunoga.com\/pt-pt\/wp-json\/wp\/v2\/media?parent=9343"}],"curies":[{"name":"wp","href":"https:\/\/api.w.org\/{rel}","templated":true}]}}